{"id":71,"date":"2023-07-19T18:07:09","date_gmt":"2023-07-19T18:07:09","guid":{"rendered":"https:\/\/karamaz.ovh\/jm\/?page_id=71"},"modified":"2023-07-19T18:07:09","modified_gmt":"2023-07-19T18:07:09","slug":"les-seances","status":"publish","type":"page","link":"https:\/\/hypnose47.com\/index.php\/les-seances\/","title":{"rendered":"Les s\u00e9ances"},"content":{"rendered":"\n<h2 class=\"wp-block-heading\">Dur\u00e9es et tarifs<\/h2>\n\n\n\n<p><em>Les s\u00e9ances sont, vous vous en doutez de dur\u00e9e diff\u00e9rentes, mais pour la plupart elles durent au moins une heure.<\/em><\/p>\n\n\n\n<p><strong>Lors du premier rendez-vous comptez 1h30 \u00e0 2h00<\/strong><\/p>\n\n\n\n<p><strong>Les suivantes entre 1h00 et 1h15.<\/strong><\/p>\n\n\n\n<p>Les hypnoses \u00e0 th\u00e8me comme les <strong>hypnose spirituelles<\/strong> ou r\u00e9gressive sont \u00e0 dur\u00e9e variable selon le besoin de votre inconscient de 1h15 \u00e0 3h.00.<\/p>\n\n\n\n<p><strong>Concernant l\u2019arr\u00eat du tabac<\/strong>, je suis Certifi\u00e9 sp\u00e9cialiste arr\u00eat tabac hypnose et notre technique est en deux s\u00e9ances dont la premi\u00e8re est de 3h00 \u00e0 3h30 environ la suivante d\u2019environ 1h15 \u00e0 2h00<\/p>\n\n\n\n<p>Ces deux s\u00e9ances sont espac\u00e9es de 7 \u00e0 21 jours selon les disponibilit\u00e9s.<\/p>\n\n\n\n<h2 class=\"wp-block-heading\">Tarifs des hypnoses et des s\u00e9ances PNL<\/h2>\n\n\n\n<p>Le premier rendez-vous est toujours de 70.00\u20ac m\u00eame si on y passe plus de temps.<\/p>\n\n\n\n<p>Les s\u00e9ances suivantes sont 70\u20ac pour une dur\u00e9e jusque 1h15.<\/p>\n\n\n\n<p>Au-del\u00e0 jusque 2h00, 100.00\u20ac<\/p>\n\n\n\n<p>Au-del\u00e0 jusque 2h30, &nbsp;130.00\u20ac<\/p>\n\n\n\n<h2 class=\"wp-block-heading\"><a><\/a>Sp\u00e9cificit\u00e9s et forfaits&nbsp;:<\/h2>\n\n\n\n<p><strong>S\u00e9ance Hypno-magn\u00e9tisme dur\u00e9e moyenne 1h00\u00a0:<\/strong> 80\u20ac<\/p>\n\n\n\n<p>Le forfait des s\u00e9ances sevrage tabagique est \u00e0 250.00\u20ac<\/p>\n\n\n\n<p>Le forfait pour, la pose d\u2019anneau gastrique hypnotique en 1 s\u00e9ance de 2h00 suivie de 4 \u00e0 5 s\u00e9ances de 1h30 environ, est de 650.00\u20ac<\/p>\n\n\n\n<h2 class=\"wp-block-heading\">Tarifs magn\u00e9tisme<\/h2>\n\n\n\n<p><strong>La s\u00e9ance dur\u00e9e moyenne 30 \u00e0 45 mn\u00a0:<\/strong> 70\u20ac<\/p>\n\n\n\n<p><strong>Tarif g\u00e9obiologie<\/strong> : sur devis en rapport avec la surface des lieux.<\/p>\n","protected":false},"excerpt":{"rendered":"<p>Dur\u00e9es et tarifs Les s\u00e9ances sont, vous vous en doutez de dur\u00e9e diff\u00e9rentes, mais pour la plupart elles durent au moins une heure. Lors du premier rendez-vous comptez 1h30 \u00e0 2h00 Les suivantes entre 1h00 et 1h15. Les hypnoses \u00e0 th\u00e8me comme les hypnose spirituelles ou r\u00e9gressive sont \u00e0 dur\u00e9e variable selon le besoin de &hellip; <\/p>\n","protected":false},"author":1,"featured_media":0,"parent":0,"menu_order":0,"comment_status":"closed","ping_status":"closed","template":"","meta":{"footnotes":""},"class_list":["post-71","page","type-page","status-publish","hentry","has-meta has-sticky-meta"],"_links":{"self":[{"href":"https:\/\/hypnose47.com\/index.php\/wp-json\/wp\/v2\/pages\/71","targetHints":{"allow":["GET"]}}],"collection":[{"href":"https:\/\/hypnose47.com\/index.php\/wp-json\/wp\/v2\/pages"}],"about":[{"href":"https:\/\/hypnose47.com\/index.php\/wp-json\/wp\/v2\/types\/page"}],"author":[{"embeddable":true,"href":"https:\/\/hypnose47.com\/index.php\/wp-json\/wp\/v2\/users\/1"}],"replies":[{"embeddable":true,"href":"https:\/\/hypnose47.com\/index.php\/wp-json\/wp\/v2\/comments?post=71"}],"version-history":[{"count":0,"href":"https:\/\/hypnose47.com\/index.php\/wp-json\/wp\/v2\/pages\/71\/revisions"}],"wp:attachment":[{"href":"https:\/\/hypnose47.com\/index.php\/wp-json\/wp\/v2\/media?parent=71"}],"curies":[{"name":"wp","href":"https:\/\/api.w.org\/{rel}","templated":true}]}}