{"id":19,"date":"2023-02-22T10:24:14","date_gmt":"2023-02-22T10:24:14","guid":{"rendered":"http:\/\/jean-marc-mortreux-hypnothrapeute.local\/?page_id=19"},"modified":"2024-09-02T20:38:36","modified_gmt":"2024-09-02T18:38:36","slug":"qui-suis-je","status":"publish","type":"page","link":"https:\/\/hypnose47.com\/index.php\/qui-suis-je\/","title":{"rendered":"Qui suis-je ?"},"content":{"rendered":"\n<p>Je me pr\u00e9sente, je suis Jean-Marc MORTREUX, th\u00e9rapeute.<\/p>\n\n\n\n<p>J\u2019ai \u00e0 ce titre, de nombreuses cordes \u00e0 mon arc afin, si vous le d\u00e9sirez, de vous aider, \u00e0 \u00eatre bien dans votre vie \u00e0 tout point de vue.<\/p>\n\n\n\n<p>Pour information, j\u2019exerce cette profession depuis de nombreuses ann\u00e9es maintenant 8 ans pour \u00eatre plus pr\u00e9cis.<\/p>\n\n\n\n<p>Et \u00e0 ce titre j\u2019ai pu aider de tr\u00e8s nombreuses personnes comme l\u2019attestent les avis que vous pouvez consulter si l\u2019envie vous en vient.<\/p>\n\n\n\n<p>J\u2019ai \u00e9t\u00e9 form\u00e9 dans de nombreuses disciplines et ait de nombreux dipl\u00f4mes attestant de ces comp\u00e9tences professionnelles.<\/p>\n\n\n\n<p>Je pratique donc, L\u2019hypnose de mani\u00e8re g\u00e9n\u00e9rale sous diff\u00e9rentes formes et selon certains de vos besoins.<\/p>\n\n\n\n<p>(Ces diff\u00e9rentes techniques sont explicitement d\u00e9taill\u00e9es plus loin)<\/p>\n\n\n\n<p>Je pratique \u00e9galement :<\/p>\n\n\n\n<ul class=\"wp-block-list\">\n<li>La PNL (Programmation Neuro Linguistique)<\/li>\n\n\n\n<li>Le Magn\u00e9tisme,<\/li>\n\n\n\n<li>La Bio\u00e9nergie,<\/li>\n\n\n\n<li>La G\u00e9obiologie.<\/li>\n<\/ul>\n\n\n\n<p>Je me consid\u00e8re comme un th\u00e9rapeute de terrain, je ne vous parlerais pas de choses compliqu\u00e9e, et c\u2019est heureux car l\u2019hypnose et toutes mes approches sont des choses simples qui remontent \u00e0 la nuit des temps.<\/p>\n\n\n\n<p>Je suis \u00e0 votre service et au service de ceux qui veulent recevoir, s\u2019offrir ou d\u00e9couvrir le bien \u00eatre ou tout simplement se soulager tant physiquement que moralement.<\/p>\n\n\n\n<p>Si vous le voulez je vous invite \u00e0 me suivre dans mes diff\u00e9rents articles et je ne doute pas que vous y trouviez votre int\u00e9r\u00eat.<\/p>\n","protected":false},"excerpt":{"rendered":"<p>Je me pr\u00e9sente, je suis Jean-Marc MORTREUX, th\u00e9rapeute. J\u2019ai \u00e0 ce titre, de nombreuses cordes \u00e0 mon arc afin, si vous le d\u00e9sirez, de vous aider, \u00e0 \u00eatre bien dans votre vie \u00e0 tout point de vue. Pour information, j\u2019exerce cette profession depuis de nombreuses ann\u00e9es maintenant 8 ans pour \u00eatre plus pr\u00e9cis. Et \u00e0 &hellip; <\/p>\n","protected":false},"author":1,"featured_media":18,"parent":0,"menu_order":0,"comment_status":"closed","ping_status":"closed","template":"","meta":{"footnotes":""},"class_list":["post-19","page","type-page","status-publish","has-post-thumbnail","hentry","has-meta has-sticky-meta"],"_links":{"self":[{"href":"https:\/\/hypnose47.com\/index.php\/wp-json\/wp\/v2\/pages\/19","targetHints":{"allow":["GET"]}}],"collection":[{"href":"https:\/\/hypnose47.com\/index.php\/wp-json\/wp\/v2\/pages"}],"about":[{"href":"https:\/\/hypnose47.com\/index.php\/wp-json\/wp\/v2\/types\/page"}],"author":[{"embeddable":true,"href":"https:\/\/hypnose47.com\/index.php\/wp-json\/wp\/v2\/users\/1"}],"replies":[{"embeddable":true,"href":"https:\/\/hypnose47.com\/index.php\/wp-json\/wp\/v2\/comments?post=19"}],"version-history":[{"count":1,"href":"https:\/\/hypnose47.com\/index.php\/wp-json\/wp\/v2\/pages\/19\/revisions"}],"predecessor-version":[{"id":89,"href":"https:\/\/hypnose47.com\/index.php\/wp-json\/wp\/v2\/pages\/19\/revisions\/89"}],"wp:featuredmedia":[{"embeddable":true,"href":"https:\/\/hypnose47.com\/index.php\/wp-json\/"}],"wp:attachment":[{"href":"https:\/\/hypnose47.com\/index.php\/wp-json\/wp\/v2\/media?parent=19"}],"curies":[{"name":"wp","href":"https:\/\/api.w.org\/{rel}","templated":true}]}}