{"id":12,"date":"2023-02-22T10:04:26","date_gmt":"2023-02-22T10:04:26","guid":{"rendered":"http:\/\/jean-marc-mortreux-hypnothrapeute.local\/?page_id=5"},"modified":"2024-09-02T22:23:20","modified_gmt":"2024-09-02T20:23:20","slug":"accueil","status":"publish","type":"page","link":"https:\/\/hypnose47.com\/","title":{"rendered":"Accueil"},"content":{"rendered":"\n<p><\/p>\n\n\n\n<div class=\"wp-block-media-text alignwide is-stacked-on-mobile\"><figure class=\"wp-block-media-text__media\"><img loading=\"lazy\" decoding=\"async\" width=\"987\" height=\"1024\" src=\"http:\/\/hypnose47.com\/wp-content\/uploads\/2023\/07\/cropped-22022023-IMGP5909-987x1024.jpg\" alt=\"\" class=\"wp-image-8 size-full\" srcset=\"https:\/\/hypnose47.com\/wp-content\/uploads\/2023\/07\/cropped-22022023-IMGP5909-987x1024.jpg 987w, https:\/\/hypnose47.com\/wp-content\/uploads\/2023\/07\/cropped-22022023-IMGP5909-289x300.jpg 289w, https:\/\/hypnose47.com\/wp-content\/uploads\/2023\/07\/cropped-22022023-IMGP5909-768x797.jpg 768w, https:\/\/hypnose47.com\/wp-content\/uploads\/2023\/07\/cropped-22022023-IMGP5909-1481x1536.jpg 1481w, https:\/\/hypnose47.com\/wp-content\/uploads\/2023\/07\/cropped-22022023-IMGP5909.jpg 1500w\" sizes=\"auto, (max-width: 987px) 100vw, 987px\" \/><\/figure><div class=\"wp-block-media-text__content\">\n<p><\/p>\n\n\n\n<p>Je ne doute pas un instant que vous n\u2019ayez pas, pour le moins, entendu parler de&nbsp;:<\/p>\n\n\n\n<p>&nbsp;L\u2019Hypnose, de la PNL, du magn\u00e9tisme, de la radiesth\u00e9sie et ou de la G\u00e9obiologie, de la bio\u00e9nergie et j\u2019en passe&nbsp;!<\/p>\n\n\n\n<p>Ces noms, qui semblent bien myst\u00e9rieux, pour la plupart d\u2019entre nous, ne sont en fait, que des techniques ancestrales remontant \u00e0 la nuit des temps, mais qui, le plus souvent, ne sont pas connues sous ces noms, que je viens de citer et qui sont tous tr\u00e8s contemporains.<\/p>\n\n\n\n<p>Si, vous avez envie de vous aider \u00e0 aller mieux autrement qu\u2019avec de la m\u00e9dication, ou en compl\u00e9ment de celle-ci, parce qu\u2019elle ne peut \u00eatre supprim\u00e9e, tout simplement au vue de vos probl\u00e8mes de sant\u00e9.<\/p>\n\n\n\n<p>Alors vous \u00eates au bon endroit.<\/p>\n\n\n\n<p>Je vous invite \u00e0 me suivre, ou directement en lisant ces articles qui suivent ou en me suivant sur les r\u00e9seaux et en attendant de vous voir je vous souhaite une bonne journ\u00e9e.<\/p>\n<\/div><\/div>\n","protected":false},"excerpt":{"rendered":"<p>Je ne doute pas un instant que vous n\u2019ayez pas, pour le moins, entendu parler de&nbsp;: &nbsp;L\u2019Hypnose, de la PNL, du magn\u00e9tisme, de la radiesth\u00e9sie et ou de la G\u00e9obiologie, de la bio\u00e9nergie et j\u2019en passe&nbsp;! Ces noms, qui semblent bien myst\u00e9rieux, pour la plupart d\u2019entre nous, ne sont en fait, que des techniques ancestrales &hellip; <\/p>\n","protected":false},"author":1,"featured_media":0,"parent":0,"menu_order":0,"comment_status":"closed","ping_status":"closed","template":"","meta":{"footnotes":""},"class_list":["post-12","page","type-page","status-publish","hentry","has-meta has-sticky-meta"],"_links":{"self":[{"href":"https:\/\/hypnose47.com\/index.php\/wp-json\/wp\/v2\/pages\/12","targetHints":{"allow":["GET"]}}],"collection":[{"href":"https:\/\/hypnose47.com\/index.php\/wp-json\/wp\/v2\/pages"}],"about":[{"href":"https:\/\/hypnose47.com\/index.php\/wp-json\/wp\/v2\/types\/page"}],"author":[{"embeddable":true,"href":"https:\/\/hypnose47.com\/index.php\/wp-json\/wp\/v2\/users\/1"}],"replies":[{"embeddable":true,"href":"https:\/\/hypnose47.com\/index.php\/wp-json\/wp\/v2\/comments?post=12"}],"version-history":[{"count":2,"href":"https:\/\/hypnose47.com\/index.php\/wp-json\/wp\/v2\/pages\/12\/revisions"}],"predecessor-version":[{"id":95,"href":"https:\/\/hypnose47.com\/index.php\/wp-json\/wp\/v2\/pages\/12\/revisions\/95"}],"wp:attachment":[{"href":"https:\/\/hypnose47.com\/index.php\/wp-json\/wp\/v2\/media?parent=12"}],"curies":[{"name":"wp","href":"https:\/\/api.w.org\/{rel}","templated":true}]}}